{"id":340,"date":"2019-03-21T13:32:59","date_gmt":"2019-03-21T12:32:59","guid":{"rendered":"https:\/\/patriciakiel.com\/home\/"},"modified":"2026-01-10T19:29:18","modified_gmt":"2026-01-10T18:29:18","slug":"about","status":"publish","type":"page","link":"https:\/\/patriciakiel.com\/de\/","title":{"rendered":"About"},"content":{"rendered":"<div data-elementor-type=\"wp-post\" data-elementor-id=\"340\" class=\"elementor elementor-340\">\n\t\t\t\t\t\t<section class=\"elementor-section elementor-top-section elementor-element elementor-element-77ccb31 elementor-section-height-min-height elementor-section-boxed elementor-section-height-default elementor-section-items-middle\" data-id=\"77ccb31\" data-element_type=\"section\" data-e-type=\"section\" data-settings=\"{&quot;background_background&quot;:&quot;classic&quot;,&quot;shape_divider_bottom&quot;:&quot;wave-brush&quot;}\">\n\t\t\t\t\t\t\t<div class=\"elementor-background-overlay\"><\/div>\n\t\t\t\t\t\t<div class=\"elementor-shape elementor-shape-bottom\" aria-hidden=\"true\" data-negative=\"false\">\n\t\t\t<svg xmlns=\"http:\/\/www.w3.org\/2000\/svg\" viewbox=\"0 0 283.5 27.8\" preserveaspectratio=\"none\">\n\t<path class=\"elementor-shape-fill\" d=\"M283.5,9.7c0,0-7.3,4.3-14,4.6c-6.8,0.3-12.6,0-20.9-1.5c-11.3-2-33.1-10.1-44.7-5.7\ts-12.1,4.6-18,7.4c-6.6,3.2-20,9.6-36.6,9.3C131.6,23.5,99.5,7.2,86.3,8c-1.4,0.1-6.6,0.8-10.5,2c-3.8,1.2-9.4,3.8-17,4.7\tc-3.2,0.4-8.3,1.1-14.2,0.9c-1.5-0.1-6.3-0.4-12-1.6c-5.7-1.2-11-3.1-15.8-3.7C6.5,9.2,0,10.8,0,10.8V0h283.5V9.7z M260.8,11.3\tc-0.7-1-2-0.4-4.3-0.4c-2.3,0-6.1-1.2-5.8-1.1c0.3,0.1,3.1,1.5,6,1.9C259.7,12.2,261.4,12.3,260.8,11.3z M242.4,8.6\tc0,0-2.4-0.2-5.6-0.9c-3.2-0.8-10.3-2.8-15.1-3.5c-8.2-1.1-15.8,0-15.1,0.1c0.8,0.1,9.6-0.6,17.6,1.1c3.3,0.7,9.3,2.2,12.4,2.7\tC239.9,8.7,242.4,8.6,242.4,8.6z M185.2,8.5c1.7-0.7-13.3,4.7-18.5,6.1c-2.1,0.6-6.2,1.6-10,2c-3.9,0.4-8.9,0.4-8.8,0.5\tc0,0.2,5.8,0.8,11.2,0c5.4-0.8,5.2-1.1,7.6-1.6C170.5,14.7,183.5,9.2,185.2,8.5z M199.1,6.9c0.2,0-0.8-0.4-4.8,1.1\tc-4,1.5-6.7,3.5-6.9,3.7c-0.2,0.1,3.5-1.8,6.6-3C197,7.5,199,6.9,199.1,6.9z M283,6c-0.1,0.1-1.9,1.1-4.8,2.5s-6.9,2.8-6.7,2.7\tc0.2,0,3.5-0.6,7.4-2.5C282.8,6.8,283.1,5.9,283,6z M31.3,11.6c0.1-0.2-1.9-0.2-4.5-1.2s-5.4-1.6-7.8-2C15,7.6,7.3,8.5,7.7,8.6\tC8,8.7,15.9,8.3,20.2,9.3c2.2,0.5,2.4,0.5,5.7,1.6S31.2,11.9,31.3,11.6z M73,9.2c0.4-0.1,3.5-1.6,8.4-2.6c4.9-1.1,8.9-0.5,8.9-0.8\tc0-0.3-1-0.9-6.2-0.3S72.6,9.3,73,9.2z M71.6,6.7C71.8,6.8,75,5.4,77.3,5c2.3-0.3,1.9-0.5,1.9-0.6c0-0.1-1.1-0.2-2.7,0.2\tC74.8,5.1,71.4,6.6,71.6,6.7z M93.6,4.4c0.1,0.2,3.5,0.8,5.6,1.8c2.1,1,1.8,0.6,1.9,0.5c0.1-0.1-0.8-0.8-2.4-1.3\tC97.1,4.8,93.5,4.2,93.6,4.4z M65.4,11.1c-0.1,0.3,0.3,0.5,1.9-0.2s2.6-1.3,2.2-1.2s-0.9,0.4-2.5,0.8C65.3,10.9,65.5,10.8,65.4,11.1\tz M34.5,12.4c-0.2,0,2.1,0.8,3.3,0.9c1.2,0.1,2,0.1,2-0.2c0-0.3-0.1-0.5-1.6-0.4C36.6,12.8,34.7,12.4,34.5,12.4z M152.2,21.1\tc-0.1,0.1-2.4-0.3-7.5-0.3c-5,0-13.6-2.4-17.2-3.5c-3.6-1.1,10,3.9,16.5,4.1C150.5,21.6,152.3,21,152.2,21.1z\"\/>\n\t<path class=\"elementor-shape-fill\" d=\"M269.6,18c-0.1-0.1-4.6,0.3-7.2,0c-7.3-0.7-17-3.2-16.6-2.9c0.4,0.3,13.7,3.1,17,3.3\tC267.7,18.8,269.7,18,269.6,18z\"\/>\n\t<path class=\"elementor-shape-fill\" d=\"M227.4,9.8c-0.2-0.1-4.5-1-9.5-1.2c-5-0.2-12.7,0.6-12.3,0.5c0.3-0.1,5.9-1.8,13.3-1.2\tS227.6,9.9,227.4,9.8z\"\/>\n\t<path class=\"elementor-shape-fill\" d=\"M204.5,13.4c-0.1-0.1,2-1,3.2-1.1c1.2-0.1,2,0,2,0.3c0,0.3-0.1,0.5-1.6,0.4\tC206.4,12.9,204.6,13.5,204.5,13.4z\"\/>\n\t<path class=\"elementor-shape-fill\" d=\"M201,10.6c0-0.1-4.4,1.2-6.3,2.2c-1.9,0.9-6.2,3.1-6.1,3.1c0.1,0.1,4.2-1.6,6.3-2.6\tS201,10.7,201,10.6z\"\/>\n\t<path class=\"elementor-shape-fill\" d=\"M154.5,26.7c-0.1-0.1-4.6,0.3-7.2,0c-7.3-0.7-17-3.2-16.6-2.9c0.4,0.3,13.7,3.1,17,3.3\tC152.6,27.5,154.6,26.8,154.5,26.7z\"\/>\n\t<path class=\"elementor-shape-fill\" d=\"M41.9,19.3c0,0,1.2-0.3,2.9-0.1c1.7,0.2,5.8,0.9,8.2,0.7c4.2-0.4,7.4-2.7,7-2.6\tc-0.4,0-4.3,2.2-8.6,1.9c-1.8-0.1-5.1-0.5-6.7-0.4S41.9,19.3,41.9,19.3z\"\/>\n\t<path class=\"elementor-shape-fill\" d=\"M75.5,12.6c0.2,0.1,2-0.8,4.3-1.1c2.3-0.2,2.1-0.3,2.1-0.5c0-0.1-1.8-0.4-3.4,0\tC76.9,11.5,75.3,12.5,75.5,12.6z\"\/>\n\t<path class=\"elementor-shape-fill\" d=\"M15.6,13.2c0-0.1,4.3,0,6.7,0.5c2.4,0.5,5,1.9,5,2c0,0.1-2.7-0.8-5.1-1.4\tC19.9,13.7,15.7,13.3,15.6,13.2z\"\/>\n<\/svg>\t\t<\/div>\n\t\t\t\t\t<div class=\"elementor-container elementor-column-gap-default\">\n\t\t\t\t\t<div class=\"elementor-column elementor-col-100 elementor-top-column elementor-element elementor-element-c6408c8 envato-kit-62-home\" data-id=\"c6408c8\" data-element_type=\"column\" data-e-type=\"column\" data-settings=\"{&quot;background_background&quot;:&quot;classic&quot;}\">\n\t\t\t<div class=\"elementor-widget-wrap elementor-element-populated\">\n\t\t\t\t\t\t<div class=\"elementor-element elementor-element-de72c4a elementor-widget elementor-widget-heading\" data-id=\"de72c4a\" data-element_type=\"widget\" data-e-type=\"widget\" data-widget_type=\"heading.default\">\n\t\t\t\t<div class=\"elementor-widget-container\">\n\t\t\t\t\t<h1 class=\"elementor-heading-title elementor-size-default\">THETA HEALING\u00ae: \nTO HEAL IS TO CHANGE A PATTERN<\/h1>\t\t\t\t<\/div>\n\t\t\t\t<\/div>\n\t\t\t\t\t<\/div>\n\t\t<\/div>\n\t\t\t\t\t<\/div>\n\t\t<\/section>\n\t\t\t\t<section class=\"elementor-section elementor-top-section elementor-element elementor-element-506be9c elementor-section-boxed elementor-section-height-default elementor-section-height-default\" data-id=\"506be9c\" data-element_type=\"section\" data-e-type=\"section\">\n\t\t\t\t\t\t<div class=\"elementor-container elementor-column-gap-default\">\n\t\t\t\t\t<div class=\"elementor-column elementor-col-100 elementor-top-column elementor-element elementor-element-1a531aa\" data-id=\"1a531aa\" data-element_type=\"column\" data-e-type=\"column\">\n\t\t\t<div class=\"elementor-widget-wrap elementor-element-populated\">\n\t\t\t\t\t\t<div class=\"elementor-element elementor-element-dd277d9 elementor-widget elementor-widget-text-editor\" data-id=\"dd277d9\" data-element_type=\"widget\" data-e-type=\"widget\" data-widget_type=\"text-editor.default\">\n\t\t\t\t<div class=\"elementor-widget-container\">\n\t\t\t\t\t\t\t\t\t<h3 style=\"text-align: center;\">Heilen mit der Power des Unterbewusstseins<\/h3><h5 style=\"text-align: center;\">Energetische Heilung &amp; Transformation mit der Theta Healing\u00ae-Technik<\/h5><h5>\u00a0<\/h5><h5><strong>Was ist Theta Healing\u00ae?<\/strong><\/h5><p data-start=\"493\" data-end=\"772\" class=\"translation-block\">Theta Healing\u00ae ist eine kraftvolle energetische Heilmethode, die durch Meditation Zugang zum Unterbewusstsein erm\u00f6glicht. In einem tiefen Theta-Gehirnwellenzustand verbinde ich mich mit deinem Energiefeld und erkenne Blockaden, alte Muster, \u00c4ngste oder ungel\u00f6ste Traumata.<\/p><p data-start=\"774\" data-end=\"961\">Durch gezielte Ver\u00e4nderung tiefsitzender Glaubenss\u00e4tze auf Zellebene k\u00f6nnen neue Gef\u00fchle, Denkweisen und Verhaltensmuster entstehen \u2013 der Schl\u00fcssel zu mehr innerer Freiheit und Heilung.<\/p><h5 data-start=\"774\" data-end=\"961\">\u00a0<\/h5><h5 data-start=\"774\" data-end=\"961\">Was kann mit Theta Healing\u00ae behandelt werden?<\/h5><ul><li data-start=\"1012\" data-end=\"1067\"><p data-start=\"1014\" data-end=\"1067\">Emotionale Blockaden, \u00c4ngste, Stress &amp; Trauer<\/p><\/li><li data-start=\"1068\" data-end=\"1129\"><p data-start=\"1070\" data-end=\"1129\">Wiederkehrende Muster und begrenzende \u00dcberzeugungen<\/p><\/li><li data-start=\"1130\" data-end=\"1171\"><p data-start=\"1132\" data-end=\"1171\">Traumatische Erfahrungen &amp; innere Kind-Themen<\/p><\/li><li data-start=\"1172\" data-end=\"1226\"><p data-start=\"1174\" data-end=\"1226\">Spirituelle Blockaden &amp; fehlende Klarheit<\/p><\/li><li data-start=\"1227\" data-end=\"1299\"><p data-start=\"1229\" data-end=\"1299\">K\u00f6rperliche Beschwerden (bei Offenheit f\u00fcr ganzheitliche Ursachen)<\/p><\/li><li data-start=\"1300\" data-end=\"1360\"><p data-start=\"1302\" data-end=\"1360\">Integration neuer Energien &amp; Unterst\u00fctzung beim Erwachen<\/p><\/li><\/ul><h5>\u00a0<\/h5><h5>Heilung durch Ver\u00e4nderung im Unterbewusstsein<\/h5><p data-start=\"1428\" data-end=\"1703\" class=\"translation-block\">Unsere Realit\u00e4t wird zu 90 % vom Unterbewusstsein gesteuert. Wenn wir diese tiefen Ebenen bewusst ver\u00e4ndern, k\u00f6nnen wir neue Erfahrungen in unser Leben ziehen \u2013 voller Leichtigkeit, Vertrauen und Kraft.<\/p><p data-start=\"1705\" data-end=\"1807\">In jeder Theta Healing\u00ae-Session \u00f6ffne ich einen sicheren Raum, in dem Heilung, Transformation und spirituelles Wachstum m\u00f6glich werden. <strong data-start=\"1761\" data-end=\"1796\">deep healing and transformation<\/strong> to unfold.<\/p><p data-start=\"1705\" data-end=\"1807\">\u00a0<\/p><h5 data-start=\"1705\" data-end=\"1807\">Aktiviere deine Selbstheilungskraft<\/h5><p class=\"translation-block\">Ein besonderer Fokus liegt auf der DNA-Aktivierung \u2013 eine kraftvolle Methode, um deine Anpassungsf\u00e4higkeit an neue Energien zu st\u00e4rken, deine Intuition zu vertiefen und deine innere Kraftquelle zu reaktivieren.<\/p><p>\u00a0<\/p><h5 data-start=\"2050\" data-end=\"2084\"><strong data-start=\"2054\" data-end=\"2084\">F\u00fcr wen ist Theta Healing\u00ae geeignet?<\/strong><\/h5><ul data-start=\"2086\" data-end=\"2363\"><li data-start=\"2086\" data-end=\"2153\"><p data-start=\"2088\" data-end=\"2153\">Menschen in Lebenskrisen oder Umbruchphasen<\/p><\/li><li data-start=\"2154\" data-end=\"2220\"><p data-start=\"2156\" data-end=\"2220\">Hochsensible und spirituell Interessierte<\/p><\/li><li data-start=\"2221\" data-end=\"2284\"><p data-start=\"2223\" data-end=\"2284\">Alle, die tief sitzende Themen heilen oder loslassen wollen<\/p><\/li><li data-start=\"2285\" data-end=\"2363\"><p data-start=\"2287\" data-end=\"2363\">Menschen, die sich neu ausrichten oder ihr volles Potenzial entfalten m\u00f6chten<\/p><\/li><\/ul><h5 data-start=\"2948\" data-end=\"2987\">\u00a0<\/h5><h5 data-start=\"2948\" data-end=\"2987\"><strong data-start=\"2954\" data-end=\"2987\">Buche gleich einen Termin und starte deine Heilreise<\/strong><\/h5><h5 data-start=\"2948\" data-end=\"2987\"><strong style=\"font-size: 16px;\" data-start=\"2991\" data-end=\"3012\">Bereit f\u00fcr Ver\u00e4nderung?<\/strong><\/h5><p data-start=\"2991\" data-end=\"3096\">Buche deine individuelle Theta Healing\u00ae Session jetzt \u2013 online oder vor Ort in Aljezur\/ Algarve.<\/p>\t\t\t\t\t\t\t\t<\/div>\n\t\t\t\t<\/div>\n\t\t\t\t<div class=\"elementor-element elementor-element-ed195ef elementor-align-left elementor-widget elementor-widget-button\" data-id=\"ed195ef\" data-element_type=\"widget\" data-e-type=\"widget\" data-widget_type=\"button.default\">\n\t\t\t\t<div class=\"elementor-widget-container\">\n\t\t\t\t\t\t\t\t\t<div class=\"elementor-button-wrapper\">\n\t\t\t\t\t<a class=\"elementor-button elementor-button-link elementor-size-sm\" href=\"https:\/\/patriciakiel.com\/de\/book-a-session\/\">\n\t\t\t\t\t\t<span class=\"elementor-button-content-wrapper\">\n\t\t\t\t\t\t\t\t\t<span class=\"elementor-button-text\">CONTACT<\/span>\n\t\t\t\t\t<\/span>\n\t\t\t\t\t<\/a>\n\t\t\t\t<\/div>\n\t\t\t\t\t\t\t\t<\/div>\n\t\t\t\t<\/div>\n\t\t\t\t\t<\/div>\n\t\t<\/div>\n\t\t\t\t\t<\/div>\n\t\t<\/section>\n\t\t\t\t<section class=\"elementor-section elementor-top-section elementor-element elementor-element-7b83c1b elementor-section-boxed elementor-section-height-default elementor-section-height-default\" data-id=\"7b83c1b\" data-element_type=\"section\" data-e-type=\"section\">\n\t\t\t\t\t\t<div class=\"elementor-container elementor-column-gap-default\">\n\t\t\t\t\t<div class=\"elementor-column elementor-col-100 elementor-top-column elementor-element elementor-element-47faeea\" data-id=\"47faeea\" data-element_type=\"column\" data-e-type=\"column\">\n\t\t\t<div class=\"elementor-widget-wrap elementor-element-populated\">\n\t\t\t\t\t\t<section class=\"elementor-section elementor-inner-section elementor-element elementor-element-513cb2d elementor-section-full_width elementor-section-height-default elementor-section-height-default\" data-id=\"513cb2d\" data-element_type=\"section\" data-e-type=\"section\">\n\t\t\t\t\t\t<div class=\"elementor-container elementor-column-gap-default\">\n\t\t\t\t\t<div class=\"elementor-column elementor-col-50 elementor-inner-column elementor-element elementor-element-5c1e0c9\" data-id=\"5c1e0c9\" data-element_type=\"column\" data-e-type=\"column\">\n\t\t\t<div class=\"elementor-widget-wrap elementor-element-populated\">\n\t\t\t\t\t\t<div class=\"elementor-element elementor-element-d572814 elementor-widget elementor-widget-image\" data-id=\"d572814\" data-element_type=\"widget\" data-e-type=\"widget\" data-widget_type=\"image.default\">\n\t\t\t\t<div class=\"elementor-widget-container\">\n\t\t\t\t\t\t\t\t\t\t\t\t\t\t\t<img fetchpriority=\"high\" decoding=\"async\" width=\"768\" height=\"768\" src=\"https:\/\/patriciakiel.com\/wp-content\/uploads\/2022\/12\/Kopie-von-Zwischenueberschrift-hinzufuegen-1-768x768.png\" class=\"attachment-medium_large size-medium_large wp-image-1892\" alt=\"\" srcset=\"https:\/\/patriciakiel.com\/wp-content\/uploads\/2022\/12\/Kopie-von-Zwischenueberschrift-hinzufuegen-1-768x768.png 768w, https:\/\/patriciakiel.com\/wp-content\/uploads\/2022\/12\/Kopie-von-Zwischenueberschrift-hinzufuegen-1-300x300.png 300w, https:\/\/patriciakiel.com\/wp-content\/uploads\/2022\/12\/Kopie-von-Zwischenueberschrift-hinzufuegen-1-1024x1024.png 1024w, https:\/\/patriciakiel.com\/wp-content\/uploads\/2022\/12\/Kopie-von-Zwischenueberschrift-hinzufuegen-1-150x150.png 150w, https:\/\/patriciakiel.com\/wp-content\/uploads\/2022\/12\/Kopie-von-Zwischenueberschrift-hinzufuegen-1.png 1080w\" sizes=\"(max-width: 768px) 100vw, 768px\" \/>\t\t\t\t\t\t\t\t\t\t\t\t\t\t\t<\/div>\n\t\t\t\t<\/div>\n\t\t\t\t\t<\/div>\n\t\t<\/div>\n\t\t\t\t<div class=\"elementor-column elementor-col-50 elementor-inner-column elementor-element elementor-element-b7fc937\" data-id=\"b7fc937\" data-element_type=\"column\" data-e-type=\"column\">\n\t\t\t<div class=\"elementor-widget-wrap elementor-element-populated\">\n\t\t\t\t\t\t<div class=\"elementor-element elementor-element-0328bdb elementor-widget elementor-widget-text-editor\" data-id=\"0328bdb\" data-element_type=\"widget\" data-e-type=\"widget\" data-widget_type=\"text-editor.default\">\n\t\t\t\t<div class=\"elementor-widget-container\">\n\t\t\t\t\t\t\t\t\t<h3>ABOUT PATRICIA - Intuitive Heilerin, Theta Healing\u00ae-Praktikerin und ganzheitliche Beraterin<\/h3><p data-start=\"301\" data-end=\"613\">Herzlich willkommen! Ich bin Patricia, eine zertifizierte Theta Healing\u00ae-Praktikerin (DNA Basic &amp; Advanced), urspr\u00fcnglich aus Deutschland, jetzt ans\u00e4ssig an der Algarve, Portugal. Als nat\u00fcrliche Intuitive und Energieheilerin bin ich darauf spezialisiert, energetische Blockaden zu erkennen und zu transformieren, um tiefe emotionale, k\u00f6rperliche und spirituelle Heilung zu unterst\u00fctzen.<\/p><p data-start=\"615\" data-end=\"993\">Meine Reise mit Theta Healing\u00ae begann im Jahr 2014 w\u00e4hrend einer transformativen Reise nach Ostasien. Nachdem ich bei meiner ersten Sitzung tiefgreifende Ver\u00e4nderungen in meinem Leben erfahren hatte, f\u00fchlte ich mich berufen, mich professionell auszubilden und diese kraftvolle Methode mit anderen zu teilen. Auf diesem Weg entdeckte ich auch meine lebenslangen intuitiven F\u00e4higkeiten und widmete mich fortlaufend der Heilung, dem Wachstum und der spirituellen Ausbildung.<\/p><p data-start=\"995\" data-end=\"1323\">In unseren Sitzungen halte ich einen sicheren, unterst\u00fctzenden Raum, in dem du dich wieder mit deinem inneren Heilungspotenzial verbinden kannst. Zus\u00e4tzlich wurde ich in die urspr\u00fcnglich aus dem Amazonas stammende Pflanzenmedizin eingeweiht und habe eine traditionelle Dieta im Amazonas unter einem Shipibo-Meister absolviert, was meine Sensibilit\u00e4t f\u00fcr energetische Felder weiter vertieft und meine Heilwerkzeuge erweitert hat.<\/p><p data-start=\"1325\" data-end=\"1633\" class=\"translation-block\">Neben meiner Arbeit als Heilerin betreibe ich hier an der Algarve auch ein Unternehmen f\u00fcr die Verwaltung von Ferienh\u00e4usern, das professionelle Gastfreundschaft mit herzlichem Service verbindet. Ich bin auch Autorin eines Kinderbuchs und eines Arbeitsbuchs zur pers\u00f6nlichen Entwicklung, das dir helfen soll, in sieben ermutigenden Schritten die Kontrolle \u00fcber dein Leben zur\u00fcckzugewinnen.<\/p><p data-start=\"1635\" data-end=\"1777\">Ganz gleich, ob du auf der Suche nach pers\u00f6nlicher Transformation, intuitiver F\u00fchrung oder einem friedlichen Ort f\u00fcr deinen Aufenthalt in Portugal bist, ich bin hier, um dich auf deiner Reise zu unterst\u00fctzen.<\/p>\t\t\t\t\t\t\t\t<\/div>\n\t\t\t\t<\/div>\n\t\t\t\t\t<\/div>\n\t\t<\/div>\n\t\t\t\t\t<\/div>\n\t\t<\/section>\n\t\t\t\t\t<\/div>\n\t\t<\/div>\n\t\t\t\t\t<\/div>\n\t\t<\/section>\n\t\t\t\t<section class=\"elementor-section elementor-top-section elementor-element elementor-element-023ff70 elementor-section-boxed elementor-section-height-default elementor-section-height-default\" data-id=\"023ff70\" data-element_type=\"section\" data-e-type=\"section\">\n\t\t\t\t\t\t<div class=\"elementor-container elementor-column-gap-default\">\n\t\t\t\t\t<div class=\"elementor-column elementor-col-33 elementor-top-column elementor-element elementor-element-5cd17cb\" data-id=\"5cd17cb\" data-element_type=\"column\" data-e-type=\"column\">\n\t\t\t<div class=\"elementor-widget-wrap elementor-element-populated\">\n\t\t\t\t\t\t<div class=\"elementor-element elementor-element-3773854 elementor-widget elementor-widget-image\" data-id=\"3773854\" data-element_type=\"widget\" data-e-type=\"widget\" data-widget_type=\"image.default\">\n\t\t\t\t<div class=\"elementor-widget-container\">\n\t\t\t\t\t\t\t\t\t\t\t\t\t\t\t<img decoding=\"async\" width=\"1024\" height=\"513\" src=\"https:\/\/patriciakiel.com\/wp-content\/uploads\/2022\/12\/Trish7-3-1024x513.jpg\" class=\"attachment-large size-large wp-image-1932\" alt=\"\" srcset=\"https:\/\/patriciakiel.com\/wp-content\/uploads\/2022\/12\/Trish7-3-1024x513.jpg 1024w, https:\/\/patriciakiel.com\/wp-content\/uploads\/2022\/12\/Trish7-3-300x150.jpg 300w, https:\/\/patriciakiel.com\/wp-content\/uploads\/2022\/12\/Trish7-3-768x385.jpg 768w, https:\/\/patriciakiel.com\/wp-content\/uploads\/2022\/12\/Trish7-3-1536x769.jpg 1536w, https:\/\/patriciakiel.com\/wp-content\/uploads\/2022\/12\/Trish7-3-2048x1025.jpg 2048w\" sizes=\"(max-width: 1024px) 100vw, 1024px\" \/>\t\t\t\t\t\t\t\t\t\t\t\t\t\t\t<\/div>\n\t\t\t\t<\/div>\n\t\t\t\t\t<\/div>\n\t\t<\/div>\n\t\t\t\t<div class=\"elementor-column elementor-col-33 elementor-top-column elementor-element elementor-element-290b826\" data-id=\"290b826\" data-element_type=\"column\" data-e-type=\"column\">\n\t\t\t<div class=\"elementor-widget-wrap elementor-element-populated\">\n\t\t\t\t\t\t<div class=\"elementor-element elementor-element-554c846 elementor-widget elementor-widget-image\" data-id=\"554c846\" data-element_type=\"widget\" data-e-type=\"widget\" data-widget_type=\"image.default\">\n\t\t\t\t<div class=\"elementor-widget-container\">\n\t\t\t\t\t\t\t\t\t\t\t\t\t\t\t<img decoding=\"async\" width=\"1024\" height=\"1024\" src=\"https:\/\/patriciakiel.com\/wp-content\/uploads\/2022\/12\/Kopie-von-Kopie-von-How-to-get-your-power-back-1024x1024.png\" class=\"attachment-large size-large wp-image-1931\" alt=\"\" srcset=\"https:\/\/patriciakiel.com\/wp-content\/uploads\/2022\/12\/Kopie-von-Kopie-von-How-to-get-your-power-back-1024x1024.png 1024w, https:\/\/patriciakiel.com\/wp-content\/uploads\/2022\/12\/Kopie-von-Kopie-von-How-to-get-your-power-back-300x300.png 300w, https:\/\/patriciakiel.com\/wp-content\/uploads\/2022\/12\/Kopie-von-Kopie-von-How-to-get-your-power-back-150x150.png 150w, https:\/\/patriciakiel.com\/wp-content\/uploads\/2022\/12\/Kopie-von-Kopie-von-How-to-get-your-power-back-768x768.png 768w, https:\/\/patriciakiel.com\/wp-content\/uploads\/2022\/12\/Kopie-von-Kopie-von-How-to-get-your-power-back.png 1080w\" sizes=\"(max-width: 1024px) 100vw, 1024px\" \/>\t\t\t\t\t\t\t\t\t\t\t\t\t\t\t<\/div>\n\t\t\t\t<\/div>\n\t\t\t\t\t<\/div>\n\t\t<\/div>\n\t\t\t\t<div class=\"elementor-column elementor-col-33 elementor-top-column elementor-element elementor-element-76670f9\" data-id=\"76670f9\" data-element_type=\"column\" data-e-type=\"column\">\n\t\t\t<div class=\"elementor-widget-wrap elementor-element-populated\">\n\t\t\t\t\t\t<div class=\"elementor-element elementor-element-46b15ba elementor-widget elementor-widget-image\" data-id=\"46b15ba\" data-element_type=\"widget\" data-e-type=\"widget\" data-widget_type=\"image.default\">\n\t\t\t\t<div class=\"elementor-widget-container\">\n\t\t\t\t\t\t\t\t\t\t\t\t\t\t\t<img loading=\"lazy\" decoding=\"async\" width=\"1024\" height=\"683\" src=\"https:\/\/patriciakiel.com\/wp-content\/uploads\/2022\/12\/Trish33-1024x683.jpg\" class=\"attachment-large size-large wp-image-1930\" alt=\"\" srcset=\"https:\/\/patriciakiel.com\/wp-content\/uploads\/2022\/12\/Trish33-1024x683.jpg 1024w, https:\/\/patriciakiel.com\/wp-content\/uploads\/2022\/12\/Trish33-300x200.jpg 300w, https:\/\/patriciakiel.com\/wp-content\/uploads\/2022\/12\/Trish33-768x512.jpg 768w, https:\/\/patriciakiel.com\/wp-content\/uploads\/2022\/12\/Trish33-1536x1024.jpg 1536w, https:\/\/patriciakiel.com\/wp-content\/uploads\/2022\/12\/Trish33-2048x1365.jpg 2048w\" sizes=\"(max-width: 1024px) 100vw, 1024px\" \/>\t\t\t\t\t\t\t\t\t\t\t\t\t\t\t<\/div>\n\t\t\t\t<\/div>\n\t\t\t\t\t<\/div>\n\t\t<\/div>\n\t\t\t\t\t<\/div>\n\t\t<\/section>\n\t\t\t\t<\/div>","protected":false},"excerpt":{"rendered":"<p>THETA HEALING\u00ae: TO HEAL IS TO CHANGE A PATTERN Healing with the Power of the Subconscious Mind Energetic Healing &amp; Inner Transformation with Theta Healing\u00ae \u00a0 What is Theta Healing\u00ae? Theta Healing\u00ae is a powerful energy healing technique that uses meditation to access the subconscious mind. In a deep theta brainwave state, I connect with [&hellip;]<\/p>","protected":false},"author":1,"featured_media":0,"parent":0,"menu_order":0,"comment_status":"closed","ping_status":"closed","template":"","meta":{"_monsterinsights_skip_tracking":false,"_monsterinsights_sitenote_active":false,"_monsterinsights_sitenote_note":"","_monsterinsights_sitenote_category":0,"site-sidebar-layout":"no-sidebar","site-content-layout":"page-builder","ast-site-content-layout":"full-width-container","site-content-style":"unboxed","site-sidebar-style":"unboxed","ast-global-header-display":"","ast-banner-title-visibility":"","ast-main-header-display":"","ast-hfb-above-header-display":"","ast-hfb-below-header-display":"","ast-hfb-mobile-header-display":"","site-post-title":"disabled","ast-breadcrumbs-content":"","ast-featured-img":"disabled","footer-sml-layout":"","ast-disable-related-posts":"","theme-transparent-header-meta":"default","adv-header-id-meta":"","stick-header-meta":"","header-above-stick-meta":"","header-main-stick-meta":"","header-below-stick-meta":"","astra-migrate-meta-layouts":"set","ast-page-background-enabled":"default","ast-page-background-meta":{"desktop":{"background-color":"","background-image":"","background-repeat":"repeat","background-position":"center center","background-size":"auto","background-attachment":"scroll","background-type":"","background-media":"","overlay-type":"","overlay-color":"","overlay-opacity":"","overlay-gradient":""},"tablet":{"background-color":"","background-image":"","background-repeat":"repeat","background-position":"center center","background-size":"auto","background-attachment":"scroll","background-type":"","background-media":"","overlay-type":"","overlay-color":"","overlay-opacity":"","overlay-gradient":""},"mobile":{"background-color":"","background-image":"","background-repeat":"repeat","background-position":"center center","background-size":"auto","background-attachment":"scroll","background-type":"","background-media":"","overlay-type":"","overlay-color":"","overlay-opacity":"","overlay-gradient":""}},"ast-content-background-meta":{"desktop":{"background-color":"var(--ast-global-color-5)","background-image":"","background-repeat":"repeat","background-position":"center center","background-size":"auto","background-attachment":"scroll","background-type":"","background-media":"","overlay-type":"","overlay-color":"","overlay-opacity":"","overlay-gradient":""},"tablet":{"background-color":"var(--ast-global-color-5)","background-image":"","background-repeat":"repeat","background-position":"center center","background-size":"auto","background-attachment":"scroll","background-type":"","background-media":"","overlay-type":"","overlay-color":"","overlay-opacity":"","overlay-gradient":""},"mobile":{"background-color":"var(--ast-global-color-5)","background-image":"","background-repeat":"repeat","background-position":"center center","background-size":"auto","background-attachment":"scroll","background-type":"","background-media":"","overlay-type":"","overlay-color":"","overlay-opacity":"","overlay-gradient":""}},"footnotes":""},"class_list":["post-340","page","type-page","status-publish","hentry"],"_links":{"self":[{"href":"https:\/\/patriciakiel.com\/de\/wp-json\/wp\/v2\/pages\/340","targetHints":{"allow":["GET"]}}],"collection":[{"href":"https:\/\/patriciakiel.com\/de\/wp-json\/wp\/v2\/pages"}],"about":[{"href":"https:\/\/patriciakiel.com\/de\/wp-json\/wp\/v2\/types\/page"}],"author":[{"embeddable":true,"href":"https:\/\/patriciakiel.com\/de\/wp-json\/wp\/v2\/users\/1"}],"replies":[{"embeddable":true,"href":"https:\/\/patriciakiel.com\/de\/wp-json\/wp\/v2\/comments?post=340"}],"version-history":[{"count":347,"href":"https:\/\/patriciakiel.com\/de\/wp-json\/wp\/v2\/pages\/340\/revisions"}],"predecessor-version":[{"id":2704,"href":"https:\/\/patriciakiel.com\/de\/wp-json\/wp\/v2\/pages\/340\/revisions\/2704"}],"wp:attachment":[{"href":"https:\/\/patriciakiel.com\/de\/wp-json\/wp\/v2\/media?parent=340"}],"curies":[{"name":"wp","href":"https:\/\/api.w.org\/{rel}","templated":true}]}}