{"id":33,"date":"2020-07-10T16:20:35","date_gmt":"2020-07-10T15:20:35","guid":{"rendered":"https:\/\/patriciakiel.com\/?page_id=33"},"modified":"2025-06-18T16:46:24","modified_gmt":"2025-06-18T15:46:24","slug":"dna-activation","status":"publish","type":"page","link":"https:\/\/patriciakiel.com\/de\/dna-activation\/","title":{"rendered":"Chakra-Activation\/DNA-Activation"},"content":{"rendered":"<div data-elementor-type=\"wp-page\" data-elementor-id=\"33\" class=\"elementor elementor-33\">\n\t\t\t\t\t\t<section class=\"elementor-section elementor-top-section elementor-element elementor-element-b3fe451 elementor-section-boxed elementor-section-height-default elementor-section-height-default\" data-id=\"b3fe451\" data-element_type=\"section\" data-e-type=\"section\">\n\t\t\t\t\t\t<div class=\"elementor-container elementor-column-gap-default\">\n\t\t\t\t\t<div class=\"elementor-column elementor-col-33 elementor-top-column elementor-element elementor-element-9959f05\" data-id=\"9959f05\" data-element_type=\"column\" data-e-type=\"column\">\n\t\t\t<div class=\"elementor-widget-wrap elementor-element-populated\">\n\t\t\t\t\t\t<div class=\"elementor-element elementor-element-2e96ad2 elementor-widget elementor-widget-image\" data-id=\"2e96ad2\" data-element_type=\"widget\" data-e-type=\"widget\" data-widget_type=\"image.default\">\n\t\t\t\t<div class=\"elementor-widget-container\">\n\t\t\t\t\t\t\t\t\t\t\t\t\t\t\t<img fetchpriority=\"high\" decoding=\"async\" width=\"300\" height=\"300\" src=\"https:\/\/patriciakiel.com\/wp-content\/uploads\/2023\/02\/trish_kreiere_viele_DNA_Strange_in_gold_und_blau_fur_website_al_ba730cb9-f4f0-4a49-b3df-ab68dac07a9c-300x300.png\" class=\"attachment-medium size-medium wp-image-2151\" alt=\"\" srcset=\"https:\/\/patriciakiel.com\/wp-content\/uploads\/2023\/02\/trish_kreiere_viele_DNA_Strange_in_gold_und_blau_fur_website_al_ba730cb9-f4f0-4a49-b3df-ab68dac07a9c-300x300.png 300w, https:\/\/patriciakiel.com\/wp-content\/uploads\/2023\/02\/trish_kreiere_viele_DNA_Strange_in_gold_und_blau_fur_website_al_ba730cb9-f4f0-4a49-b3df-ab68dac07a9c-150x150.png 150w, https:\/\/patriciakiel.com\/wp-content\/uploads\/2023\/02\/trish_kreiere_viele_DNA_Strange_in_gold_und_blau_fur_website_al_ba730cb9-f4f0-4a49-b3df-ab68dac07a9c.png 540w\" sizes=\"(max-width: 300px) 100vw, 300px\" \/>\t\t\t\t\t\t\t\t\t\t\t\t\t\t\t<\/div>\n\t\t\t\t<\/div>\n\t\t\t\t\t<\/div>\n\t\t<\/div>\n\t\t\t\t<div class=\"elementor-column elementor-col-33 elementor-top-column elementor-element elementor-element-5f0df44\" data-id=\"5f0df44\" data-element_type=\"column\" data-e-type=\"column\" data-settings=\"{&quot;background_background&quot;:&quot;classic&quot;}\">\n\t\t\t<div class=\"elementor-widget-wrap elementor-element-populated\">\n\t\t\t\t\t\t<div class=\"elementor-element elementor-element-74d91cb elementor-widget elementor-widget-text-editor\" data-id=\"74d91cb\" data-element_type=\"widget\" data-e-type=\"widget\" data-widget_type=\"text-editor.default\">\n\t\t\t\t<div class=\"elementor-widget-container\">\n\t\t\t\t\t\t\t\t\t<h6 style=\"text-align: center;\">We are experiencing a huge shift in consciousness right now, and as a species, we are now evolving and are waking up dormant parts of our soul energy that we call DNA. The DNA-Activation is a very important part for the spiritual awakening, and once awakened, there is a shift in the way you think and feel. To activate your spiritual DNA, all chakras have to be open.\u00a0<\/h6>\t\t\t\t\t\t\t\t<\/div>\n\t\t\t\t<\/div>\n\t\t\t\t\t<\/div>\n\t\t<\/div>\n\t\t\t\t<div class=\"elementor-column elementor-col-33 elementor-top-column elementor-element elementor-element-6bdea81\" data-id=\"6bdea81\" data-element_type=\"column\" data-e-type=\"column\">\n\t\t\t<div class=\"elementor-widget-wrap elementor-element-populated\">\n\t\t\t\t\t\t<div class=\"elementor-element elementor-element-d0e73d7 elementor-widget elementor-widget-image\" data-id=\"d0e73d7\" data-element_type=\"widget\" data-e-type=\"widget\" data-widget_type=\"image.default\">\n\t\t\t\t<div class=\"elementor-widget-container\">\n\t\t\t\t\t\t\t\t\t\t\t\t\t\t\t<img decoding=\"async\" width=\"300\" height=\"300\" src=\"https:\/\/patriciakiel.com\/wp-content\/uploads\/2023\/02\/trish_beautiful_website-v4-chakra_healing-stylize500_ux_ui_w_42815545-3771-4e45-ae2b-5d164853910a-300x300.png\" class=\"attachment-medium size-medium wp-image-2156\" alt=\"\" srcset=\"https:\/\/patriciakiel.com\/wp-content\/uploads\/2023\/02\/trish_beautiful_website-v4-chakra_healing-stylize500_ux_ui_w_42815545-3771-4e45-ae2b-5d164853910a-300x300.png 300w, https:\/\/patriciakiel.com\/wp-content\/uploads\/2023\/02\/trish_beautiful_website-v4-chakra_healing-stylize500_ux_ui_w_42815545-3771-4e45-ae2b-5d164853910a-150x150.png 150w, https:\/\/patriciakiel.com\/wp-content\/uploads\/2023\/02\/trish_beautiful_website-v4-chakra_healing-stylize500_ux_ui_w_42815545-3771-4e45-ae2b-5d164853910a.png 586w\" sizes=\"(max-width: 300px) 100vw, 300px\" \/>\t\t\t\t\t\t\t\t\t\t\t\t\t\t\t<\/div>\n\t\t\t\t<\/div>\n\t\t\t\t\t<\/div>\n\t\t<\/div>\n\t\t\t\t\t<\/div>\n\t\t<\/section>\n\t\t\t\t<section class=\"elementor-section elementor-top-section elementor-element elementor-element-5766546 elementor-section-boxed elementor-section-height-default elementor-section-height-default\" data-id=\"5766546\" data-element_type=\"section\" data-e-type=\"section\">\n\t\t\t\t\t\t<div class=\"elementor-container elementor-column-gap-default\">\n\t\t\t\t\t<div class=\"elementor-column elementor-col-100 elementor-top-column elementor-element elementor-element-5b132bf\" data-id=\"5b132bf\" data-element_type=\"column\" data-e-type=\"column\">\n\t\t\t<div class=\"elementor-widget-wrap elementor-element-populated\">\n\t\t\t\t\t\t<div class=\"elementor-element elementor-element-da67e4e elementor-widget elementor-widget-text-editor\" data-id=\"da67e4e\" data-element_type=\"widget\" data-e-type=\"widget\" data-widget_type=\"text-editor.default\">\n\t\t\t\t<div class=\"elementor-widget-container\">\n\t\t\t\t\t\t\t\t\t<h4>&nbsp;<\/h4>\n<h4><span style=\"font-weight: 400; color: #ff9900;\"><strong>F\u00fcr wen ist diese Sitzung<\/strong>?<\/span><\/h4>\n<p><span style=\"font-weight: 400;\">Diese Sitzung ist f\u00fcr dich, wenn du wirklich einen Reset in deinem Energiesystem machen und von einer niedrigeren Schwingung zu einer h\u00f6heren Schwingung wechseln m\u00f6chtest. Wenn du deine Verbindung mit dir selbst vertiefen m\u00f6chtest. Heile Beziehungswunden, ver\u00e4ndere und kl\u00e4re alte Muster, die dich am Vorw\u00e4rtskommen hindern, schaffe st\u00e4rkere Bindungen, verbessere deine intuitive Kommunikation und erwecke deine spirituellen Gaben und Heilkr\u00e4fte.&nbsp;<\/span><span style=\"font-size: 15px; font-weight: 400; color: var( --e-global-color-text ); font-family: var( --e-global-typography-text-font-family ), Sans-serif; letter-spacing: var( --e-global-typography-text-letter-spacing ); background-color: var(--ast-global-color-5);\">Blockages can show up like: I have no money, I have no relationship, I have no friends, I\u2019m lacking creativity or in health.&nbsp;<\/span><\/p><p><span style=\"font-weight: 400;\">Die Reinigung aller sieben Energiezentren im K\u00f6rper ist eine sehr kraftvolle energetische Entgiftung. Du wirst niedrigere Schwingungen beseitigen, die dich blockieren.<\/span><\/p>\t\t\t\t\t\t\t\t<\/div>\n\t\t\t\t<\/div>\n\t\t\t\t\t<\/div>\n\t\t<\/div>\n\t\t\t\t\t<\/div>\n\t\t<\/section>\n\t\t\t\t<section class=\"elementor-section elementor-top-section elementor-element elementor-element-b7951c5 elementor-section-boxed elementor-section-height-default elementor-section-height-default\" data-id=\"b7951c5\" data-element_type=\"section\" data-e-type=\"section\">\n\t\t\t\t\t\t<div class=\"elementor-container elementor-column-gap-default\">\n\t\t\t\t\t<div class=\"elementor-column elementor-col-100 elementor-top-column elementor-element elementor-element-c763350\" data-id=\"c763350\" data-element_type=\"column\" data-e-type=\"column\">\n\t\t\t<div class=\"elementor-widget-wrap elementor-element-populated\">\n\t\t\t\t\t\t<section class=\"elementor-section elementor-inner-section elementor-element elementor-element-c54f636 elementor-section-boxed elementor-section-height-default elementor-section-height-default\" data-id=\"c54f636\" data-element_type=\"section\" data-e-type=\"section\">\n\t\t\t\t\t\t<div class=\"elementor-container elementor-column-gap-default\">\n\t\t\t\t\t<div class=\"elementor-column elementor-col-50 elementor-inner-column elementor-element elementor-element-f49a77e\" data-id=\"f49a77e\" data-element_type=\"column\" data-e-type=\"column\">\n\t\t\t<div class=\"elementor-widget-wrap elementor-element-populated\">\n\t\t\t\t\t\t<div class=\"elementor-element elementor-element-307e6f5 elementor-widget elementor-widget-text-editor\" data-id=\"307e6f5\" data-element_type=\"widget\" data-e-type=\"widget\" data-widget_type=\"text-editor.default\">\n\t\t\t\t<div class=\"elementor-widget-container\">\n\t\t\t\t\t\t\t\t\t<h4><span style=\"color: #ff9900;\">Why do our chakras have to be open?<\/span><\/h4><p><span style=\"font-weight: 400;\">Basically, our body is made of energy. This energy organizes itself into our body, which we see in the mirror every day. But before it does that, it organizes itself into chakras and meridians. These chakras are energy centers located along the spine. We have 7 main energy centers through which we must evolve, and through spiritual work, we achieve this. <\/span><\/p><p><span style=\"font-weight: 400;\">Each chakra has a specific purpose and vibration. They are a manifestation of prana also called life energy. And this energy can be harmonized and &#8220;tuned&#8221;. For each chakra, there is a yoga posture that helps you focus on one of each chakra. Each chakra covers certain life issues that need to be looked at honestly. This is because they can all contain blockages and disturbances that can affect our lives. When a chakra is out of alignment, meaning it is not letting in enough or any life force in, it begins to affect your balance.<\/span><\/p>\t\t\t\t\t\t\t\t<\/div>\n\t\t\t\t<\/div>\n\t\t\t\t\t<\/div>\n\t\t<\/div>\n\t\t\t\t<div class=\"elementor-column elementor-col-50 elementor-inner-column elementor-element elementor-element-3a28841\" data-id=\"3a28841\" data-element_type=\"column\" data-e-type=\"column\">\n\t\t\t<div class=\"elementor-widget-wrap elementor-element-populated\">\n\t\t\t\t\t\t<div class=\"elementor-element elementor-element-fd11437 elementor-widget elementor-widget-text-editor\" data-id=\"fd11437\" data-element_type=\"widget\" data-e-type=\"widget\" data-widget_type=\"text-editor.default\">\n\t\t\t\t<div class=\"elementor-widget-container\">\n\t\t\t\t\t\t\t\t\t<h4><span style=\"color: #ff9900;\">In this session, we open and activate the 7 main chakras in the body!<\/span><\/h4><p>In this session, we focus on your 7 main chakras in your body. We open and activate them, so your energy can move quite freely in your nervous system and the prana channel, that lies along the spine. Because this prana channel becomes more light when more energy can flow up and down with a higher frequency.<\/p><p>When all main chakras are activated, your spiritual\/ quantum DNA is activated for your own highest good. With DNA-Activation the frequency in your body will change and you awake your self-healing power. The DNA-Activation allows us to survive environmental poisons, as well as accelerates our psychic senses. You really begin to shine!<\/p>\t\t\t\t\t\t\t\t<\/div>\n\t\t\t\t<\/div>\n\t\t\t\t\t<\/div>\n\t\t<\/div>\n\t\t\t\t\t<\/div>\n\t\t<\/section>\n\t\t\t\t\t<\/div>\n\t\t<\/div>\n\t\t\t\t\t<\/div>\n\t\t<\/section>\n\t\t\t\t<section class=\"elementor-section elementor-top-section elementor-element elementor-element-1e59482 elementor-section-boxed elementor-section-height-default elementor-section-height-default\" data-id=\"1e59482\" data-element_type=\"section\" data-e-type=\"section\">\n\t\t\t\t\t\t<div class=\"elementor-container elementor-column-gap-default\">\n\t\t\t\t\t<div class=\"elementor-column elementor-col-50 elementor-top-column elementor-element elementor-element-f70cda7\" data-id=\"f70cda7\" data-element_type=\"column\" data-e-type=\"column\">\n\t\t\t<div class=\"elementor-widget-wrap elementor-element-populated\">\n\t\t\t\t\t\t<div class=\"elementor-element elementor-element-75affae elementor-widget elementor-widget-image\" data-id=\"75affae\" data-element_type=\"widget\" data-e-type=\"widget\" data-widget_type=\"image.default\">\n\t\t\t\t<div class=\"elementor-widget-container\">\n\t\t\t\t\t\t\t\t\t\t\t\t\t\t\t<img decoding=\"async\" width=\"300\" height=\"300\" src=\"https:\/\/patriciakiel.com\/wp-content\/uploads\/2023\/02\/Kopie-von-Kopie-von-Logo-DNA-black-3-1-300x300.png\" class=\"attachment-medium size-medium wp-image-2197\" alt=\"\" srcset=\"https:\/\/patriciakiel.com\/wp-content\/uploads\/2023\/02\/Kopie-von-Kopie-von-Logo-DNA-black-3-1-300x300.png 300w, https:\/\/patriciakiel.com\/wp-content\/uploads\/2023\/02\/Kopie-von-Kopie-von-Logo-DNA-black-3-1-150x150.png 150w, https:\/\/patriciakiel.com\/wp-content\/uploads\/2023\/02\/Kopie-von-Kopie-von-Logo-DNA-black-3-1.png 500w\" sizes=\"(max-width: 300px) 100vw, 300px\" \/>\t\t\t\t\t\t\t\t\t\t\t\t\t\t\t<\/div>\n\t\t\t\t<\/div>\n\t\t\t\t\t<\/div>\n\t\t<\/div>\n\t\t\t\t<div class=\"elementor-column elementor-col-50 elementor-top-column elementor-element elementor-element-cb06fc5\" data-id=\"cb06fc5\" data-element_type=\"column\" data-e-type=\"column\">\n\t\t\t<div class=\"elementor-widget-wrap elementor-element-populated\">\n\t\t\t\t\t\t<div class=\"elementor-element elementor-element-7b5d35a elementor-widget elementor-widget-image\" data-id=\"7b5d35a\" data-element_type=\"widget\" data-e-type=\"widget\" data-widget_type=\"image.default\">\n\t\t\t\t<div class=\"elementor-widget-container\">\n\t\t\t\t\t\t\t\t\t\t\t\t\t\t\t<img loading=\"lazy\" decoding=\"async\" width=\"512\" height=\"512\" src=\"https:\/\/patriciakiel.com\/wp-content\/uploads\/2023\/02\/kopie2.png\" class=\"attachment-large size-large wp-image-2195\" alt=\"\" srcset=\"https:\/\/patriciakiel.com\/wp-content\/uploads\/2023\/02\/kopie2.png 512w, https:\/\/patriciakiel.com\/wp-content\/uploads\/2023\/02\/kopie2-300x300.png 300w, https:\/\/patriciakiel.com\/wp-content\/uploads\/2023\/02\/kopie2-150x150.png 150w\" sizes=\"(max-width: 512px) 100vw, 512px\" \/>\t\t\t\t\t\t\t\t\t\t\t\t\t\t\t<\/div>\n\t\t\t\t<\/div>\n\t\t\t\t\t<\/div>\n\t\t<\/div>\n\t\t\t\t\t<\/div>\n\t\t<\/section>\n\t\t\t\t<\/div>","protected":false},"excerpt":{"rendered":"<p>We are experiencing a huge shift in consciousness right now, and as a species, we are now evolving and are waking up dormant parts of our soul energy that we call DNA. The DNA-Activation is a very important part for the spiritual awakening, and once awakened, there is a shift in the way you think [&hellip;]<\/p>","protected":false},"author":1,"featured_media":0,"parent":0,"menu_order":0,"comment_status":"closed","ping_status":"closed","template":"","meta":{"_monsterinsights_skip_tracking":false,"_monsterinsights_sitenote_active":false,"_monsterinsights_sitenote_note":"","_monsterinsights_sitenote_category":0,"site-sidebar-layout":"default","site-content-layout":"default","ast-site-content-layout":"default","site-content-style":"default","site-sidebar-style":"default","ast-global-header-display":"","ast-banner-title-visibility":"","ast-main-header-display":"","ast-hfb-above-header-display":"","ast-hfb-below-header-display":"","ast-hfb-mobile-header-display":"","site-post-title":"","ast-breadcrumbs-content":"","ast-featured-img":"","footer-sml-layout":"","ast-disable-related-posts":"","theme-transparent-header-meta":"default","adv-header-id-meta":"","stick-header-meta":"","header-above-stick-meta":"","header-main-stick-meta":"","header-below-stick-meta":"","astra-migrate-meta-layouts":"set","ast-page-background-enabled":"default","ast-page-background-meta":{"desktop":{"background-color":"","background-image":"","background-repeat":"repeat","background-position":"center center","background-size":"auto","background-attachment":"scroll","background-type":"","background-media":"","overlay-type":"","overlay-color":"","overlay-opacity":"","overlay-gradient":""},"tablet":{"background-color":"","background-image":"","background-repeat":"repeat","background-position":"center center","background-size":"auto","background-attachment":"scroll","background-type":"","background-media":"","overlay-type":"","overlay-color":"","overlay-opacity":"","overlay-gradient":""},"mobile":{"background-color":"","background-image":"","background-repeat":"repeat","background-position":"center center","background-size":"auto","background-attachment":"scroll","background-type":"","background-media":"","overlay-type":"","overlay-color":"","overlay-opacity":"","overlay-gradient":""}},"ast-content-background-meta":{"desktop":{"background-color":"var(--ast-global-color-5)","background-image":"","background-repeat":"repeat","background-position":"center center","background-size":"auto","background-attachment":"scroll","background-type":"","background-media":"","overlay-type":"","overlay-color":"","overlay-opacity":"","overlay-gradient":""},"tablet":{"background-color":"var(--ast-global-color-5)","background-image":"","background-repeat":"repeat","background-position":"center center","background-size":"auto","background-attachment":"scroll","background-type":"","background-media":"","overlay-type":"","overlay-color":"","overlay-opacity":"","overlay-gradient":""},"mobile":{"background-color":"var(--ast-global-color-5)","background-image":"","background-repeat":"repeat","background-position":"center center","background-size":"auto","background-attachment":"scroll","background-type":"","background-media":"","overlay-type":"","overlay-color":"","overlay-opacity":"","overlay-gradient":""}},"footnotes":""},"class_list":["post-33","page","type-page","status-publish","hentry"],"_links":{"self":[{"href":"https:\/\/patriciakiel.com\/de\/wp-json\/wp\/v2\/pages\/33","targetHints":{"allow":["GET"]}}],"collection":[{"href":"https:\/\/patriciakiel.com\/de\/wp-json\/wp\/v2\/pages"}],"about":[{"href":"https:\/\/patriciakiel.com\/de\/wp-json\/wp\/v2\/types\/page"}],"author":[{"embeddable":true,"href":"https:\/\/patriciakiel.com\/de\/wp-json\/wp\/v2\/users\/1"}],"replies":[{"embeddable":true,"href":"https:\/\/patriciakiel.com\/de\/wp-json\/wp\/v2\/comments?post=33"}],"version-history":[{"count":144,"href":"https:\/\/patriciakiel.com\/de\/wp-json\/wp\/v2\/pages\/33\/revisions"}],"predecessor-version":[{"id":2664,"href":"https:\/\/patriciakiel.com\/de\/wp-json\/wp\/v2\/pages\/33\/revisions\/2664"}],"wp:attachment":[{"href":"https:\/\/patriciakiel.com\/de\/wp-json\/wp\/v2\/media?parent=33"}],"curies":[{"name":"wp","href":"https:\/\/api.w.org\/{rel}","templated":true}]}}