{"id":2634,"date":"2025-06-17T14:30:58","date_gmt":"2025-06-17T13:30:58","guid":{"rendered":"https:\/\/patriciakiel.com\/?page_id=2634"},"modified":"2025-08-14T13:06:58","modified_gmt":"2025-08-14T12:06:58","slug":"products","status":"publish","type":"page","link":"https:\/\/patriciakiel.com\/de\/products\/","title":{"rendered":"Products"},"content":{"rendered":"<div data-elementor-type=\"wp-page\" data-elementor-id=\"2634\" class=\"elementor elementor-2634\">\n\t\t\t\t\t\t<section class=\"elementor-section elementor-top-section elementor-element elementor-element-fd4a607 elementor-section-boxed elementor-section-height-default elementor-section-height-default\" data-id=\"fd4a607\" data-element_type=\"section\" data-e-type=\"section\">\n\t\t\t\t\t\t<div class=\"elementor-container elementor-column-gap-default\">\n\t\t\t\t\t<div class=\"elementor-column elementor-col-100 elementor-top-column elementor-element elementor-element-7081687\" data-id=\"7081687\" data-element_type=\"column\" data-e-type=\"column\">\n\t\t\t<div class=\"elementor-widget-wrap elementor-element-populated\">\n\t\t\t\t\t\t<div class=\"elementor-element elementor-element-561cab0 elementor-widget elementor-widget-heading\" data-id=\"561cab0\" data-element_type=\"widget\" data-e-type=\"widget\" data-widget_type=\"heading.default\">\n\t\t\t\t<div class=\"elementor-widget-container\">\n\t\t\t\t\t<h1 class=\"elementor-heading-title elementor-size-default\">THERAPIE-TAGEBUCH: IN SIEBEN SCHRITTEN ZUR\u00dcCK ZUR INNEREN ST\u00c4RKE<\/h1>\t\t\t\t<\/div>\n\t\t\t\t<\/div>\n\t\t\t\t\t<\/div>\n\t\t<\/div>\n\t\t\t\t\t<\/div>\n\t\t<\/section>\n\t\t\t\t<section class=\"elementor-section elementor-top-section elementor-element elementor-element-7ea7c4a elementor-section-boxed elementor-section-height-default elementor-section-height-default\" data-id=\"7ea7c4a\" data-element_type=\"section\" data-e-type=\"section\">\n\t\t\t\t\t\t<div class=\"elementor-container elementor-column-gap-default\">\n\t\t\t\t\t<div class=\"elementor-column elementor-col-33 elementor-top-column elementor-element elementor-element-8f9d22e\" data-id=\"8f9d22e\" data-element_type=\"column\" data-e-type=\"column\">\n\t\t\t<div class=\"elementor-widget-wrap elementor-element-populated\">\n\t\t\t\t\t\t<div class=\"elementor-element elementor-element-aea71d8 elementor-widget elementor-widget-image\" data-id=\"aea71d8\" data-element_type=\"widget\" data-e-type=\"widget\" data-widget_type=\"image.default\">\n\t\t\t\t<div class=\"elementor-widget-container\">\n\t\t\t\t\t\t\t\t\t\t\t\t\t\t\t<img fetchpriority=\"high\" decoding=\"async\" width=\"1024\" height=\"1024\" src=\"https:\/\/patriciakiel.com\/wp-content\/uploads\/2025\/08\/Cover-workbook-both-fuer-pinterest-1024x1024.png\" class=\"attachment-large size-large wp-image-2685\" alt=\"\" srcset=\"https:\/\/patriciakiel.com\/wp-content\/uploads\/2025\/08\/Cover-workbook-both-fuer-pinterest-1024x1024.png 1024w, https:\/\/patriciakiel.com\/wp-content\/uploads\/2025\/08\/Cover-workbook-both-fuer-pinterest-300x300.png 300w, https:\/\/patriciakiel.com\/wp-content\/uploads\/2025\/08\/Cover-workbook-both-fuer-pinterest-150x150.png 150w, https:\/\/patriciakiel.com\/wp-content\/uploads\/2025\/08\/Cover-workbook-both-fuer-pinterest-768x768.png 768w, https:\/\/patriciakiel.com\/wp-content\/uploads\/2025\/08\/Cover-workbook-both-fuer-pinterest-12x12.png 12w, https:\/\/patriciakiel.com\/wp-content\/uploads\/2025\/08\/Cover-workbook-both-fuer-pinterest.png 1080w\" sizes=\"(max-width: 1024px) 100vw, 1024px\" \/>\t\t\t\t\t\t\t\t\t\t\t\t\t\t\t<\/div>\n\t\t\t\t<\/div>\n\t\t\t\t<div class=\"elementor-element elementor-element-45762cb elementor-widget elementor-widget-text-editor\" data-id=\"45762cb\" data-element_type=\"widget\" data-e-type=\"widget\" data-widget_type=\"text-editor.default\">\n\t\t\t\t<div class=\"elementor-widget-container\">\n\t\t\t\t\t\t\t\t\t<p style=\"text-align: center;\"><strong>Entdecke deine innere St\u00e4rke mit diesem kraftvollen Workbook zur Selbstheilung und Pers\u00f6nlichkeitsentwicklung. In 7 Schritten lernst du, Blockaden zu l\u00f6sen, Klarheit zu finden und dein Leben neu auszurichten \u2013 inklusive 49-Tage-Manifestations-Challenge! Ideal f\u00fcr alle, die sich nach Ver\u00e4nderung, Selbstliebe und neuer Energie sehnen.<\/strong><\/p>\t\t\t\t\t\t\t\t<\/div>\n\t\t\t\t<\/div>\n\t\t\t\t\t<\/div>\n\t\t<\/div>\n\t\t\t\t<div class=\"elementor-column elementor-col-66 elementor-top-column elementor-element elementor-element-24ea29a\" data-id=\"24ea29a\" data-element_type=\"column\" data-e-type=\"column\">\n\t\t\t<div class=\"elementor-widget-wrap elementor-element-populated\">\n\t\t\t\t\t\t<div class=\"elementor-element elementor-element-1c06532 elementor-widget elementor-widget-text-editor\" data-id=\"1c06532\" data-element_type=\"widget\" data-e-type=\"widget\" data-widget_type=\"text-editor.default\">\n\t\t\t\t<div class=\"elementor-widget-container\">\n\t\t\t\t\t\t\t\t\t<p data-start=\"157\" data-end=\"510\"><strong data-start=\"157\" data-end=\"198\">Was macht dieses Therapie Tagebuch so einzigartig?<\/strong><br data-start=\"198\" data-end=\"201\" \/>Dies ist nicht einfach nur ein weiteres Tagebuch - es ist ein praktischer Leitfaden f\u00fcr Heilung und Transformation. Jeder der sieben Schritte ist so konzipiert, dass er einfach, effektiv und leicht zu befolgen ist - ohne komplizierte Theorien oder \u00fcberw\u00e4ltigende \u00dcbungen. Vom ersten Tag an bist du eingeladen, wirklich zu handeln und sofort mit deiner inneren Arbeit zu beginnen.<\/p><p data-start=\"512\" data-end=\"753\">In <strong data-start=\"520\" data-end=\"544\">sieben kraftvollen Schritten,<\/strong>lernst du, wie du dich wieder mit dir selbst verbindest, losl\u00e4sst, was dir nicht mehr dient, und Raum f\u00fcr echte emotionale Klarheit schaffst. Du wirst endlich verstehen, was es wirklich bedeutet, loszulassen - und wie du es tats\u00e4chlich umsetzt.<\/p><p data-start=\"755\" data-end=\"851\">Mit viel Platz zum Reflektieren, Schreiben und Verarbeiten wird dieses Tagebuch zu deinem pers\u00f6nlichen R\u00fcckzugsort.<\/p><p data-start=\"853\" data-end=\"1084\">Aber das ist noch nicht alles! Es enth\u00e4lt eine <strong data-start=\"886\" data-end=\"920\">49-Tage Manifestation Challenge<\/strong> um dir zu helfen, deine Einstellung zu \u00e4ndern, deine Frequenz zu erh\u00f6hen und das anzuziehen, was du dir zutiefst w\u00fcnschst. Tag f\u00fcr Tag wirst du neue Gewohnheiten, neue Energie und eine ganz neue Realit\u00e4t aufbauen.<\/p><p>German edition\u00a0on amazon.de:<a href=\"https:\/\/rb.gy\/f85bee\">https:\/\/rb.gy\/f85bee<\/a><\/p><p>English edition on amazon.com:\u00a0<a href=\"https:\/\/rb.gy\/hizwz9\">https:\/\/rb.gy\/hizwz9\u00a0<\/a><\/p>\t\t\t\t\t\t\t\t<\/div>\n\t\t\t\t<\/div>\n\t\t\t\t\t<\/div>\n\t\t<\/div>\n\t\t\t\t\t<\/div>\n\t\t<\/section>\n\t\t\t\t<\/div>","protected":false},"excerpt":{"rendered":"<p>THERAPY DIARY: YOUR WAY BACK TO INNER STRENGTH IN SEVEN STEPS Discover your inner strength with this powerful workbook for self-healing and personal development. In 7 steps, you will learn to release blockages, find clarity and realign your life &#8211; including a 49-day manifestation challenge! Ideal for anyone who longs for change, self-love and new [&hellip;]<\/p>","protected":false},"author":1,"featured_media":0,"parent":0,"menu_order":0,"comment_status":"closed","ping_status":"closed","template":"","meta":{"_monsterinsights_skip_tracking":false,"_monsterinsights_sitenote_active":false,"_monsterinsights_sitenote_note":"","_monsterinsights_sitenote_category":0,"site-sidebar-layout":"no-sidebar","site-content-layout":"page-builder","ast-site-content-layout":"full-width-container","site-content-style":"default","site-sidebar-style":"default","ast-global-header-display":"","ast-banner-title-visibility":"","ast-main-header-display":"","ast-hfb-above-header-display":"","ast-hfb-below-header-display":"","ast-hfb-mobile-header-display":"","site-post-title":"disabled","ast-breadcrumbs-content":"","ast-featured-img":"disabled","footer-sml-layout":"","ast-disable-related-posts":"","theme-transparent-header-meta":"","adv-header-id-meta":"","stick-header-meta":"","header-above-stick-meta":"","header-main-stick-meta":"","header-below-stick-meta":"","astra-migrate-meta-layouts":"default","ast-page-background-enabled":"default","ast-page-background-meta":{"desktop":{"background-color":"","background-image":"","background-repeat":"repeat","background-position":"center center","background-size":"auto","background-attachment":"scroll","background-type":"","background-media":"","overlay-type":"","overlay-color":"","overlay-opacity":"","overlay-gradient":""},"tablet":{"background-color":"","background-image":"","background-repeat":"repeat","background-position":"center center","background-size":"auto","background-attachment":"scroll","background-type":"","background-media":"","overlay-type":"","overlay-color":"","overlay-opacity":"","overlay-gradient":""},"mobile":{"background-color":"","background-image":"","background-repeat":"repeat","background-position":"center center","background-size":"auto","background-attachment":"scroll","background-type":"","background-media":"","overlay-type":"","overlay-color":"","overlay-opacity":"","overlay-gradient":""}},"ast-content-background-meta":{"desktop":{"background-color":"var(--ast-global-color-5)","background-image":"","background-repeat":"repeat","background-position":"center center","background-size":"auto","background-attachment":"scroll","background-type":"","background-media":"","overlay-type":"","overlay-color":"","overlay-opacity":"","overlay-gradient":""},"tablet":{"background-color":"var(--ast-global-color-5)","background-image":"","background-repeat":"repeat","background-position":"center center","background-size":"auto","background-attachment":"scroll","background-type":"","background-media":"","overlay-type":"","overlay-color":"","overlay-opacity":"","overlay-gradient":""},"mobile":{"background-color":"var(--ast-global-color-5)","background-image":"","background-repeat":"repeat","background-position":"center center","background-size":"auto","background-attachment":"scroll","background-type":"","background-media":"","overlay-type":"","overlay-color":"","overlay-opacity":"","overlay-gradient":""}},"footnotes":""},"class_list":["post-2634","page","type-page","status-publish","hentry"],"_links":{"self":[{"href":"https:\/\/patriciakiel.com\/de\/wp-json\/wp\/v2\/pages\/2634","targetHints":{"allow":["GET"]}}],"collection":[{"href":"https:\/\/patriciakiel.com\/de\/wp-json\/wp\/v2\/pages"}],"about":[{"href":"https:\/\/patriciakiel.com\/de\/wp-json\/wp\/v2\/types\/page"}],"author":[{"embeddable":true,"href":"https:\/\/patriciakiel.com\/de\/wp-json\/wp\/v2\/users\/1"}],"replies":[{"embeddable":true,"href":"https:\/\/patriciakiel.com\/de\/wp-json\/wp\/v2\/comments?post=2634"}],"version-history":[{"count":15,"href":"https:\/\/patriciakiel.com\/de\/wp-json\/wp\/v2\/pages\/2634\/revisions"}],"predecessor-version":[{"id":2691,"href":"https:\/\/patriciakiel.com\/de\/wp-json\/wp\/v2\/pages\/2634\/revisions\/2691"}],"wp:attachment":[{"href":"https:\/\/patriciakiel.com\/de\/wp-json\/wp\/v2\/media?parent=2634"}],"curies":[{"name":"wp","href":"https:\/\/api.w.org\/{rel}","templated":true}]}}